{"id":2,"date":"2021-02-04T09:37:08","date_gmt":"2021-02-04T08:37:08","guid":{"rendered":"https:\/\/hentzen.ddev.site\/?page_id=2"},"modified":"2025-02-14T11:15:35","modified_gmt":"2025-02-14T10:15:35","slug":"beispiel-seite","status":"publish","type":"page","link":"https:\/\/www.hentzen.de\/wordpress\/","title":{"rendered":"Startseite"},"content":{"rendered":"\r\n<h2>STYLISCHE DESIGN- &amp; GEBRAUCHSARTIKEL F\u00dcR HOME UND LIVING<\/h2>\r\n<p>Sie suchen f\u00fcr sich oder Ihre Freunde ein passendes Dekorationsst\u00fcck oder das besondere Geschenk, das nicht nur in den Schrank wandert, sondern \u00fcber das man sich freut und das auch im Alltag vielseitig und funktionst\u00fcchtig genutzt werden kann? St\u00f6bern Sie durch unser reichhaltiges Angebot f\u00fcr jeden Geldbeutel und Geschmack \u2013 egal ob Glas oder Silber, Geschenk oder Eigennutz, Mann oder Frau \u2013 Sie werden garantiert f\u00fcndig. Und wenn es dann etwas ganz Besonderes sein soll gravieren wir jedes St\u00fcck individuell nach Ihren pers\u00f6nlichen Bed\u00fcrfnissen und W\u00fcnschen.<\/p>\r\n","protected":false},"excerpt":{"rendered":"<p>STYLISCHE DESIGN- &amp; GEBRAUCHSARTIKEL F\u00dcR HOME UND LIVING Sie suchen f\u00fcr sich oder Ihre Freunde ein passendes Dekorationsst\u00fcck oder das besondere Geschenk, das nicht nur in den Schrank wandert, sondern \u00fcber das man sich freut und das auch im Alltag vielseitig und funktionst\u00fcchtig genutzt werden kann? St\u00f6bern Sie durch unser reichhaltiges Angebot f\u00fcr jeden Geldbeutel [&hellip;]<\/p>\n","protected":false},"author":1,"featured_media":0,"parent":0,"menu_order":0,"comment_status":"closed","ping_status":"open","template":"","meta":[],"_links":{"self":[{"href":"https:\/\/www.hentzen.de\/wordpress\/wp-json\/wp\/v2\/pages\/2"}],"collection":[{"href":"https:\/\/www.hentzen.de\/wordpress\/wp-json\/wp\/v2\/pages"}],"about":[{"href":"https:\/\/www.hentzen.de\/wordpress\/wp-json\/wp\/v2\/types\/page"}],"author":[{"embeddable":true,"href":"https:\/\/www.hentzen.de\/wordpress\/wp-json\/wp\/v2\/users\/1"}],"replies":[{"embeddable":true,"href":"https:\/\/www.hentzen.de\/wordpress\/wp-json\/wp\/v2\/comments?post=2"}],"version-history":[{"count":152,"href":"https:\/\/www.hentzen.de\/wordpress\/wp-json\/wp\/v2\/pages\/2\/revisions"}],"predecessor-version":[{"id":884,"href":"https:\/\/www.hentzen.de\/wordpress\/wp-json\/wp\/v2\/pages\/2\/revisions\/884"}],"wp:attachment":[{"href":"https:\/\/www.hentzen.de\/wordpress\/wp-json\/wp\/v2\/media?parent=2"}],"curies":[{"name":"wp","href":"https:\/\/api.w.org\/{rel}","templated":true}]}}